{"id":34,"date":"2017-06-30T09:55:04","date_gmt":"2017-06-30T09:55:04","guid":{"rendered":"http:\/\/www.nicdarkthemes.com\/themes\/hotel\/wp\/demo\/?page_id=34"},"modified":"2024-08-28T15:53:52","modified_gmt":"2024-08-28T13:53:52","slug":"villkor","status":"publish","type":"page","link":"http:\/\/villaborgen.se\/en\/villkor\/","title":{"rendered":"Integritetspolicy"},"content":{"rendered":"<p>[vc_row css=&#8221;.vc_custom_1492612814975{margin-top: 40px !important;margin-bottom: 40px !important;}&#8221;][vc_column width=&#8221;2\/3&#8243;][vc_column_text]<\/p>\n<div class=\"flex_column av_one_third flex_column_div av-zero-column-padding first avia-builder-el-73 el_after_av_heading el_before_av_one_third\">\n<section class=\"av_textblock_section\">\n<div class=\"avia_textblock av_inherit_color\">\n<p class=\"ingress\">Vi hanterar s\u00e4kerheten kring era personuppgifter med st\u00f6rsta respekt och h\u00e4nsyn. H\u00e4r beskriver vi hur insamling och anv\u00e4ndning av data hanteras p\u00e5 denna webbplats f\u00f6r att f\u00f6lja g\u00e4llande lagar och f\u00f6rordningar (GDPR).\u00a0<a href=\"https:\/\/www.datainspektionen.se\/lagar--regler\/dataskyddsforordningen\/\" target=\"_blank\" rel=\"noopener noreferrer\">L\u00e4s mer om personuppgifter p\u00e5 Datainspektionens webbplats.<\/a><\/p>\n<p>&nbsp;<\/p>\n<p><strong>Vilka uppgifter lagrar vi och hur l\u00e4nge<\/strong><br \/>\nDe uppgifter som lagras \u00e4r de f\u00e4lt som respektive inskicksformul\u00e4r inneh\u00e5ller. Vi sparar uppgifterna s\u00e5 l\u00e4nge det \u00e4r n\u00f6dv\u00e4ndigt med h\u00e4nsyn till \u00e4ndam\u00e5len med behandlingen. Vi grundar insamlingen av personuppgifter p\u00e5 samtycke.<\/p>\n<p>&nbsp;<\/p>\n<p><strong>\u00c4ndam\u00e5let med insamlingen<\/strong><br \/>\nVi samlar in uppgifter f\u00f6r att ta kontakt, uppr\u00e4tta och \/ eller bibeh\u00e5lla en aff\u00e4rsrelation.<\/p>\n<p>&nbsp;<\/p>\n<p><strong>Ta del av, \u00e4ndra eller radera den lagrade informationen<\/strong><br \/>\nDu har r\u00e4tt att beg\u00e4ra information om vilka personuppgifter vi har lagrade om dig. F\u00f6r att g\u00f6ra detta kontaktar du personuppgiftsansvarig. Du har \u00e4ven r\u00e4tt att n\u00e4r som helst beg\u00e4ra r\u00e4ttning eller radering av dina personuppgifter.<\/p>\n<p>&nbsp;<\/p>\n<p><strong>Samtycke<\/strong><br \/>\nDu har r\u00e4tt att \u00e5terkalla samtycke till anv\u00e4ndning av dina personuppgifter n\u00e4r som helst genom att kontakta personuppgiftsansvarig.<\/p>\n<p>Om du har klagom\u00e5l p\u00e5 v\u00e5r behandling av dina personuppgifter har du r\u00e4tt att klaga hos Datainspektionen.<\/p>\n<p>&nbsp;<\/p>\n<p><strong>Kontaktinformation till personuppgiftsombud &amp; personuppgiftsansvarig<\/strong><br \/>\nNamn: Magnus Olsson<br \/>\nTelefon: 070-281 15 60<br \/>\nE-post: magnus<a>@wisbyhotelgroup.se<\/a><\/p>\n<p>Hotell Villa Borgen (personuppgiftsansvarig)<br \/>\nAdress: Adelsgatan 11, Visby<\/p>\n<\/div>\n<\/section>\n<\/div>\n<p>[\/vc_column_text][\/vc_column][vc_column width=&#8221;1\/3&#8243; css=&#8221;.vc_custom_1486115020030{padding-right: 30px !important;padding-left: 30px !important;}&#8221;][vc_column_text]<\/p>\n<h1>Om Cookies<\/h1>\n<p>&nbsp;<\/p>\n<p>V\u00e5r webbsida anv\u00e4nder sig, som de flesta andra webbsidor, av cookies f\u00f6r att ge dig b\u00e4sta m\u00f6jliga anv\u00e4ndarupplevelse. Cookies \u00e4r sm\u00e5 textfiler som l\u00e4ggs p\u00e5 din dator eller mobiltelefon n\u00e4r du anv\u00e4nder v\u00e5r webbsida.<\/p>\n<p>&nbsp;<\/p>\n<section class=\"av_textblock_section\">\n<div class=\"avia_textblock\">\n<p><strong>V\u00e5ra cookies hj\u00e4lper oss att:<\/strong><br \/>\n\u2013 G\u00f6ra att webbsidan fungerar som du f\u00f6rv\u00e4ntar dig.<br \/>\n\u2013 F\u00f6rb\u00e4ttra din laddningstid och s\u00e4kerhet n\u00e4r du anv\u00e4nder webbsidan.<br \/>\n\u2013 Samla in anonym statistik i syfte att f\u00f6rb\u00e4ttra webbsidans prestanda och funktionalitet samt utv\u00e4rdera och f\u00f6rb\u00e4ttra marknadsf\u00f6ringsinsatser.<\/p>\n<p>&nbsp;<\/p>\n<p><strong>Vi anv\u00e4nder inte cookies till att:<\/strong><br \/>\n\u2013 Spara n\u00e5gon som helst personlig information om dig utan ditt samtycke.<br \/>\n\u2013 Samla in n\u00e5gon som helst k\u00e4nslig information.<br \/>\n\u2013 Skicka vidare personlig information till tredje part.<\/p>\n<p>&nbsp;<\/p>\n<p><strong>Till\u00e5telse att anv\u00e4nda cookies<\/strong><br \/>\nOm inst\u00e4llningarna i den webbl\u00e4sare du anv\u00e4nder f\u00f6r att bes\u00f6ka v\u00e5r webbsida \u00e4r inst\u00e4lld p\u00e5 ett s\u00e5dant s\u00e4tt att de till\u00e5ter cookies tolkar vi detta som att du accepterar cookies p\u00e5 v\u00e5r webbsida.<\/p>\n<p>&nbsp;<\/p>\n<p><strong>St\u00e4nga av cookies<\/strong><br \/>\nCookies g\u00e5r att radera eller helt st\u00e4ngas av om s\u00e5 \u00f6nskas. Vi kan dock inte garantera att webbsidan d\u00e5 fungerar tillfredsst\u00e4llande. Dessa kan st\u00e4ngas av genom att anpassa din webbl\u00e4sares s\u00e4kerhetsinst\u00e4llningar. Hur detta g\u00f6rs varierar n\u00e5got mellan olika webbl\u00e4sare och versioner av webbl\u00e4sare men finns beskrivet om du s\u00f6ker i din specifika webbl\u00e4sares hj\u00e4lpsida.<\/p>\n<p>&nbsp;<\/p>\n<p>Ytterligare information om cookies finns p\u00e5\u00a0<a href=\"https:\/\/www.pts.se\/sv\/bransch\/regler\/lagar\/lag-om-elektronisk-kommunikation\/kakor-cookies\/\" target=\"_blank\" rel=\"noopener noreferrer\">Post- och telestyrelsens webbsida<\/a>.<\/p>\n<\/div>\n<\/section>\n<p>[\/vc_column_text][nd_options_spacer nd_options_height=&#8221;20&#8243;][\/vc_column][\/vc_row]<\/p>","protected":false},"excerpt":{"rendered":"<p>[vc_row css=&#8221;.vc_custom_1492612814975{margin-top: 40px !important;margin-bottom: 40px !important;}&#8221;][vc_column width=&#8221;2\/3&#8243;][vc_column_text] Vi hanterar s\u00e4kerheten kring era personuppgifter med st\u00f6rsta respekt och h\u00e4nsyn. H\u00e4r beskriver vi hur insamling och anv\u00e4ndning av data hanteras p\u00e5 denna webbplats f\u00f6r att f\u00f6lja g\u00e4llande lagar och f\u00f6rordningar (GDPR).\u00a0L\u00e4s mer om personuppgifter p\u00e5 Datainspektionens webbplats. &nbsp; Vilka uppgifter lagrar vi och hur l\u00e4nge De uppgifter [&hellip;]<\/p>","protected":false},"author":40,"featured_media":0,"parent":0,"menu_order":0,"comment_status":"closed","ping_status":"closed","template":"","meta":{"footnotes":""},"class_list":["post-34","page","type-page","status-publish","hentry"],"yoast_head":"<!-- This site is optimized with the Yoast SEO plugin v26.5 - https:\/\/yoast.com\/wordpress\/plugins\/seo\/ -->\n<title>Integritetspolicy - Hotell Villa Borgen<\/title>\n<meta name=\"robots\" content=\"index, follow, max-snippet:-1, max-image-preview:large, max-video-preview:-1\" \/>\n<link rel=\"canonical\" href=\"https:\/\/villaborgen.se\/en\/villkor\/\" \/>\n<meta property=\"og:locale\" content=\"en_US\" \/>\n<meta property=\"og:type\" content=\"article\" \/>\n<meta property=\"og:title\" content=\"Integritetspolicy - Hotell Villa Borgen\" \/>\n<meta property=\"og:description\" content=\"[vc_row css=&#8221;.vc_custom_1492612814975{margin-top: 40px !important;margin-bottom: 40px !important;}&#8221;][vc_column width=&#8221;2\/3&#8243;][vc_column_text] Vi hanterar s\u00e4kerheten kring era personuppgifter med st\u00f6rsta respekt och h\u00e4nsyn. H\u00e4r beskriver vi hur insamling och anv\u00e4ndning av data hanteras p\u00e5 denna webbplats f\u00f6r att f\u00f6lja g\u00e4llande lagar och f\u00f6rordningar (GDPR).\u00a0L\u00e4s mer om personuppgifter p\u00e5 Datainspektionens webbplats. &nbsp; Vilka uppgifter lagrar vi och hur l\u00e4nge De uppgifter [&hellip;]\" \/>\n<meta property=\"og:url\" content=\"https:\/\/villaborgen.se\/en\/villkor\/\" \/>\n<meta property=\"og:site_name\" content=\"Hotell Villa Borgen\" \/>\n<meta property=\"article:modified_time\" content=\"2024-08-28T13:53:52+00:00\" \/>\n<meta name=\"twitter:card\" content=\"summary_large_image\" \/>\n<meta name=\"twitter:label1\" content=\"Est. reading time\" \/>\n\t<meta name=\"twitter:data1\" content=\"3 minutes\" \/>\n<script type=\"application\/ld+json\" class=\"yoast-schema-graph\">{\"@context\":\"https:\/\/schema.org\",\"@graph\":[{\"@type\":\"WebPage\",\"@id\":\"https:\/\/villaborgen.se\/villkor\/\",\"url\":\"https:\/\/villaborgen.se\/villkor\/\",\"name\":\"Integritetspolicy - Hotell Villa Borgen\",\"isPartOf\":{\"@id\":\"http:\/\/villaborgen.se\/#website\"},\"datePublished\":\"2017-06-30T09:55:04+00:00\",\"dateModified\":\"2024-08-28T13:53:52+00:00\",\"breadcrumb\":{\"@id\":\"https:\/\/villaborgen.se\/villkor\/#breadcrumb\"},\"inLanguage\":\"en-US\",\"potentialAction\":[{\"@type\":\"ReadAction\",\"target\":[\"https:\/\/villaborgen.se\/villkor\/\"]}]},{\"@type\":\"BreadcrumbList\",\"@id\":\"https:\/\/villaborgen.se\/villkor\/#breadcrumb\",\"itemListElement\":[{\"@type\":\"ListItem\",\"position\":1,\"name\":\"Hem\",\"item\":\"http:\/\/villaborgen.se\/\"},{\"@type\":\"ListItem\",\"position\":2,\"name\":\"Integritetspolicy\"}]},{\"@type\":\"WebSite\",\"@id\":\"http:\/\/villaborgen.se\/#website\",\"url\":\"http:\/\/villaborgen.se\/\",\"name\":\"Hotell Villa Borgen\",\"description\":\"Discover Gotland\",\"publisher\":{\"@id\":\"http:\/\/villaborgen.se\/#organization\"},\"potentialAction\":[{\"@type\":\"SearchAction\",\"target\":{\"@type\":\"EntryPoint\",\"urlTemplate\":\"http:\/\/villaborgen.se\/?s={search_term_string}\"},\"query-input\":{\"@type\":\"PropertyValueSpecification\",\"valueRequired\":true,\"valueName\":\"search_term_string\"}}],\"inLanguage\":\"en-US\"},{\"@type\":\"Organization\",\"@id\":\"http:\/\/villaborgen.se\/#organization\",\"name\":\"Hotell Villa Borgen\",\"url\":\"http:\/\/villaborgen.se\/\",\"logo\":{\"@type\":\"ImageObject\",\"inLanguage\":\"en-US\",\"@id\":\"http:\/\/villaborgen.se\/#\/schema\/logo\/image\/\",\"url\":\"https:\/\/villaborgen.se\/wp-content\/uploads\/2019\/05\/Hotell-Villa-Borgen-Svart-Logo-square@2x.png\",\"contentUrl\":\"https:\/\/villaborgen.se\/wp-content\/uploads\/2019\/05\/Hotell-Villa-Borgen-Svart-Logo-square@2x.png\",\"width\":1475,\"height\":1475,\"caption\":\"Hotell Villa Borgen\"},\"image\":{\"@id\":\"http:\/\/villaborgen.se\/#\/schema\/logo\/image\/\"}}]}<\/script>\n<!-- \/ Yoast SEO plugin. -->","yoast_head_json":{"title":"Integritetspolicy - Hotell Villa Borgen","robots":{"index":"index","follow":"follow","max-snippet":"max-snippet:-1","max-image-preview":"max-image-preview:large","max-video-preview":"max-video-preview:-1"},"canonical":"https:\/\/villaborgen.se\/en\/villkor\/","og_locale":"en_US","og_type":"article","og_title":"Integritetspolicy - Hotell Villa Borgen","og_description":"[vc_row css=&#8221;.vc_custom_1492612814975{margin-top: 40px !important;margin-bottom: 40px !important;}&#8221;][vc_column width=&#8221;2\/3&#8243;][vc_column_text] Vi hanterar s\u00e4kerheten kring era personuppgifter med st\u00f6rsta respekt och h\u00e4nsyn. H\u00e4r beskriver vi hur insamling och anv\u00e4ndning av data hanteras p\u00e5 denna webbplats f\u00f6r att f\u00f6lja g\u00e4llande lagar och f\u00f6rordningar (GDPR).\u00a0L\u00e4s mer om personuppgifter p\u00e5 Datainspektionens webbplats. &nbsp; Vilka uppgifter lagrar vi och hur l\u00e4nge De uppgifter [&hellip;]","og_url":"https:\/\/villaborgen.se\/en\/villkor\/","og_site_name":"Hotell Villa Borgen","article_modified_time":"2024-08-28T13:53:52+00:00","twitter_card":"summary_large_image","twitter_misc":{"Est. reading time":"3 minutes"},"schema":{"@context":"https:\/\/schema.org","@graph":[{"@type":"WebPage","@id":"https:\/\/villaborgen.se\/villkor\/","url":"https:\/\/villaborgen.se\/villkor\/","name":"Integritetspolicy - Hotell Villa Borgen","isPartOf":{"@id":"http:\/\/villaborgen.se\/#website"},"datePublished":"2017-06-30T09:55:04+00:00","dateModified":"2024-08-28T13:53:52+00:00","breadcrumb":{"@id":"https:\/\/villaborgen.se\/villkor\/#breadcrumb"},"inLanguage":"en-US","potentialAction":[{"@type":"ReadAction","target":["https:\/\/villaborgen.se\/villkor\/"]}]},{"@type":"BreadcrumbList","@id":"https:\/\/villaborgen.se\/villkor\/#breadcrumb","itemListElement":[{"@type":"ListItem","position":1,"name":"Hem","item":"http:\/\/villaborgen.se\/"},{"@type":"ListItem","position":2,"name":"Integritetspolicy"}]},{"@type":"WebSite","@id":"http:\/\/villaborgen.se\/#website","url":"http:\/\/villaborgen.se\/","name":"Hotell Villa Borgen","description":"Discover Gotland","publisher":{"@id":"http:\/\/villaborgen.se\/#organization"},"potentialAction":[{"@type":"SearchAction","target":{"@type":"EntryPoint","urlTemplate":"http:\/\/villaborgen.se\/?s={search_term_string}"},"query-input":{"@type":"PropertyValueSpecification","valueRequired":true,"valueName":"search_term_string"}}],"inLanguage":"en-US"},{"@type":"Organization","@id":"http:\/\/villaborgen.se\/#organization","name":"Hotell Villa Borgen","url":"http:\/\/villaborgen.se\/","logo":{"@type":"ImageObject","inLanguage":"en-US","@id":"http:\/\/villaborgen.se\/#\/schema\/logo\/image\/","url":"https:\/\/villaborgen.se\/wp-content\/uploads\/2019\/05\/Hotell-Villa-Borgen-Svart-Logo-square@2x.png","contentUrl":"https:\/\/villaborgen.se\/wp-content\/uploads\/2019\/05\/Hotell-Villa-Borgen-Svart-Logo-square@2x.png","width":1475,"height":1475,"caption":"Hotell Villa Borgen"},"image":{"@id":"http:\/\/villaborgen.se\/#\/schema\/logo\/image\/"}}]}},"_links":{"self":[{"href":"http:\/\/villaborgen.se\/en\/wp-json\/wp\/v2\/pages\/34","targetHints":{"allow":["GET"]}}],"collection":[{"href":"http:\/\/villaborgen.se\/en\/wp-json\/wp\/v2\/pages"}],"about":[{"href":"http:\/\/villaborgen.se\/en\/wp-json\/wp\/v2\/types\/page"}],"author":[{"embeddable":true,"href":"http:\/\/villaborgen.se\/en\/wp-json\/wp\/v2\/users\/40"}],"replies":[{"embeddable":true,"href":"http:\/\/villaborgen.se\/en\/wp-json\/wp\/v2\/comments?post=34"}],"version-history":[{"count":0,"href":"http:\/\/villaborgen.se\/en\/wp-json\/wp\/v2\/pages\/34\/revisions"}],"wp:attachment":[{"href":"http:\/\/villaborgen.se\/en\/wp-json\/wp\/v2\/media?parent=34"}],"curies":[{"name":"wp","href":"https:\/\/api.w.org\/{rel}","templated":true}]}}