{"id":448,"date":"2017-07-19T09:14:34","date_gmt":"2017-07-19T09:14:34","guid":{"rendered":"http:\/\/www.nicdarkthemes.com\/themes\/hotel\/wp\/demo\/?page_id=448"},"modified":"2025-09-02T08:21:04","modified_gmt":"2025-09-02T06:21:04","slug":"faciliteter","status":"publish","type":"page","link":"https:\/\/villaborgen.se\/en\/faciliteter\/","title":{"rendered":"Facilities"},"content":{"rendered":"<p>All rooms have comfortable beds, airy duvets, bathrooms, free wifi and TV. You can enjoy the popular breakfast in the bright dining room or in the green courtyard. If you have your own car, there are some parking spaces in the courtyard and more near the hotel.<\/p>\n\n\n\n<div class=\"wp-block-columns is-layout-flex wp-container-core-columns-is-layout-28f84493 wp-block-columns-is-layout-flex\">\n<div class=\"wp-block-column is-layout-flow wp-block-column-is-layout-flow\">\n<h2 class=\"wp-block-heading has-text-align-center\">No smoking<\/h2>\n\n\n\n<figure class=\"wp-block-image aligncenter size-full is-resized\"><a href=\"https:\/\/villaborgen.se\/wp-content\/uploads\/2017\/07\/icon-14-2.png\"><img loading=\"lazy\" decoding=\"async\" width=\"64\" height=\"64\" src=\"https:\/\/villaborgen.se\/wp-content\/uploads\/2017\/07\/icon-14-2.png\" alt=\"\" class=\"wp-image-1556\" style=\"width:42px;height:auto\"\/><\/a><\/figure>\n<\/div>\n\n\n\n<div class=\"wp-block-column is-layout-flow wp-block-column-is-layout-flow\">\n<h2 class=\"wp-block-heading has-text-align-center\">Bathrooms<\/h2>\n\n\n\n<figure class=\"wp-block-image aligncenter size-full is-resized\"><a href=\"https:\/\/villaborgen.se\/wp-content\/uploads\/2025\/06\/BADRUM.png\"><img loading=\"lazy\" decoding=\"async\" width=\"64\" height=\"64\" src=\"https:\/\/villaborgen.se\/wp-content\/uploads\/2025\/06\/BADRUM.png\" alt=\"\" class=\"wp-image-3229\" style=\"width:40px;height:auto\"\/><\/a><\/figure>\n<\/div>\n\n\n\n<div class=\"wp-block-column is-layout-flow wp-block-column-is-layout-flow\">\n<h2 class=\"wp-block-heading has-text-align-center\">Parking<\/h2>\n\n\n\n<figure class=\"wp-block-image aligncenter size-full is-resized\"><a href=\"https:\/\/villaborgen.se\/wp-content\/uploads\/2025\/06\/PARKERING.png\"><img loading=\"lazy\" decoding=\"async\" width=\"64\" height=\"64\" src=\"https:\/\/villaborgen.se\/wp-content\/uploads\/2025\/06\/PARKERING.png\" alt=\"\" class=\"wp-image-3231\" style=\"width:48px;height:auto\"\/><\/a><\/figure>\n<\/div>\n<\/div>\n\n\n\n<div class=\"wp-block-columns is-layout-flex wp-container-core-columns-is-layout-28f84493 wp-block-columns-is-layout-flex\">\n<div class=\"wp-block-column is-layout-flow wp-block-column-is-layout-flow\">\n<h2 class=\"wp-block-heading has-text-align-center\">Wifi<\/h2>\n\n\n\n<figure class=\"wp-block-image aligncenter size-full is-resized\"><a href=\"https:\/\/villaborgen.se\/wp-content\/uploads\/2017\/06\/icon-12-1.png\"><img loading=\"lazy\" decoding=\"async\" width=\"64\" height=\"64\" src=\"https:\/\/villaborgen.se\/wp-content\/uploads\/2017\/06\/icon-12-1.png\" alt=\"\" class=\"wp-image-1548\" style=\"width:37px;height:auto\"\/><\/a><\/figure>\n<\/div>\n\n\n\n<div class=\"wp-block-column is-layout-flow wp-block-column-is-layout-flow\">\n<h2 class=\"wp-block-heading has-text-align-center\">Breakfast<\/h2>\n\n\n\n<figure class=\"wp-block-image aligncenter size-full is-resized\"><a href=\"https:\/\/villaborgen.se\/wp-content\/uploads\/2019\/06\/breakfast.svg\"><img decoding=\"async\" src=\"https:\/\/villaborgen.se\/wp-content\/uploads\/2019\/06\/breakfast.svg\" alt=\"\" class=\"wp-image-2494\" style=\"width:42px;height:auto\"\/><\/a><\/figure>\n<\/div>\n\n\n\n<div class=\"wp-block-column is-layout-flow wp-block-column-is-layout-flow\">\n<h2 class=\"wp-block-heading has-text-align-center\">TV<\/h2>\n\n\n\n<figure class=\"wp-block-image aligncenter size-full is-resized\"><a href=\"https:\/\/villaborgen.se\/wp-content\/uploads\/2017\/07\/icon-18-1.png\"><img loading=\"lazy\" decoding=\"async\" width=\"64\" height=\"64\" src=\"https:\/\/villaborgen.se\/wp-content\/uploads\/2017\/07\/icon-18-1.png\" alt=\"\" class=\"wp-image-1554\" style=\"width:49px;height:auto\"\/><\/a><\/figure>\n<\/div>\n<\/div>\n\n\n\n<figure class=\"wp-block-gallery has-nested-images columns-default is-cropped wp-block-gallery-1 is-layout-flex wp-block-gallery-is-layout-flex\">\n<figure class=\"wp-block-image size-large\" style=\"margin-right:0;margin-left:0\"><a href=\"https:\/\/villaborgen.se\/wp-content\/uploads\/2019\/06\/45-6420393470604629971_IMG_4625.jpg\"><img loading=\"lazy\" decoding=\"async\" width=\"1024\" height=\"683\" data-id=\"2565\" src=\"https:\/\/villaborgen.se\/wp-content\/uploads\/2019\/06\/45-6420393470604629971_IMG_4625-1024x683.jpg\" alt=\"\" class=\"wp-image-2565\" srcset=\"https:\/\/villaborgen.se\/wp-content\/uploads\/2019\/06\/45-6420393470604629971_IMG_4625-1024x683.jpg 1024w, https:\/\/villaborgen.se\/wp-content\/uploads\/2019\/06\/45-6420393470604629971_IMG_4625-300x200.jpg 300w, https:\/\/villaborgen.se\/wp-content\/uploads\/2019\/06\/45-6420393470604629971_IMG_4625-768x512.jpg 768w, https:\/\/villaborgen.se\/wp-content\/uploads\/2019\/06\/45-6420393470604629971_IMG_4625.jpg 1500w\" sizes=\"auto, (max-width: 1024px) 100vw, 1024px\" \/><\/a><\/figure>\n\n\n\n<figure class=\"wp-block-image size-large\"><a href=\"https:\/\/villaborgen.se\/wp-content\/uploads\/2019\/05\/TJK_3568.jpg\"><img decoding=\"async\" data-id=\"2346\" src=\"https:\/\/villaborgen.se\/wp-content\/uploads\/2019\/05\/TJK_3568.jpg\" alt=\"\" class=\"wp-image-2346\"\/><\/a><\/figure>\n\n\n\n<figure class=\"wp-block-image size-large\"><a href=\"https:\/\/villaborgen.se\/wp-content\/uploads\/2019\/05\/1-FD132120-0A29-4745-8ED9-1172EB5319A1.jpg\"><img loading=\"lazy\" decoding=\"async\" width=\"683\" height=\"1024\" data-id=\"2252\" src=\"https:\/\/villaborgen.se\/wp-content\/uploads\/2019\/05\/1-FD132120-0A29-4745-8ED9-1172EB5319A1-683x1024.jpg\" alt=\"\" class=\"wp-image-2252\" srcset=\"https:\/\/villaborgen.se\/wp-content\/uploads\/2019\/05\/1-FD132120-0A29-4745-8ED9-1172EB5319A1-683x1024.jpg 683w, https:\/\/villaborgen.se\/wp-content\/uploads\/2019\/05\/1-FD132120-0A29-4745-8ED9-1172EB5319A1-200x300.jpg 200w, https:\/\/villaborgen.se\/wp-content\/uploads\/2019\/05\/1-FD132120-0A29-4745-8ED9-1172EB5319A1-768x1152.jpg 768w, https:\/\/villaborgen.se\/wp-content\/uploads\/2019\/05\/1-FD132120-0A29-4745-8ED9-1172EB5319A1.jpg 1280w\" sizes=\"auto, (max-width: 683px) 100vw, 683px\" \/><\/a><\/figure>\n\n\n\n<figure class=\"wp-block-image size-large\"><a href=\"https:\/\/villaborgen.se\/wp-content\/uploads\/2019\/05\/2-7998829159517629556_IMG_2404.jpg\"><img loading=\"lazy\" decoding=\"async\" width=\"682\" height=\"1024\" data-id=\"2258\" src=\"https:\/\/villaborgen.se\/wp-content\/uploads\/2019\/05\/2-7998829159517629556_IMG_2404-682x1024.jpg\" alt=\"\" class=\"wp-image-2258\" srcset=\"https:\/\/villaborgen.se\/wp-content\/uploads\/2019\/05\/2-7998829159517629556_IMG_2404-682x1024.jpg 682w, https:\/\/villaborgen.se\/wp-content\/uploads\/2019\/05\/2-7998829159517629556_IMG_2404-200x300.jpg 200w, https:\/\/villaborgen.se\/wp-content\/uploads\/2019\/05\/2-7998829159517629556_IMG_2404-768x1152.jpg 768w, https:\/\/villaborgen.se\/wp-content\/uploads\/2019\/05\/2-7998829159517629556_IMG_2404.jpg 1500w\" sizes=\"auto, (max-width: 682px) 100vw, 682px\" \/><\/a><\/figure>\n\n\n\n<figure class=\"wp-block-image size-large\"><a href=\"https:\/\/villaborgen.se\/wp-content\/uploads\/2019\/05\/25-155233542855490325_IMG_4459.jpg\"><img loading=\"lazy\" decoding=\"async\" width=\"749\" height=\"1024\" data-id=\"2208\" src=\"https:\/\/villaborgen.se\/wp-content\/uploads\/2019\/05\/25-155233542855490325_IMG_4459-749x1024.jpg\" alt=\"\" class=\"wp-image-2208\" srcset=\"https:\/\/villaborgen.se\/wp-content\/uploads\/2019\/05\/25-155233542855490325_IMG_4459-749x1024.jpg 749w, https:\/\/villaborgen.se\/wp-content\/uploads\/2019\/05\/25-155233542855490325_IMG_4459-219x300.jpg 219w, https:\/\/villaborgen.se\/wp-content\/uploads\/2019\/05\/25-155233542855490325_IMG_4459-768x1050.jpg 768w, https:\/\/villaborgen.se\/wp-content\/uploads\/2019\/05\/25-155233542855490325_IMG_4459.jpg 1500w\" sizes=\"auto, (max-width: 749px) 100vw, 749px\" \/><\/a><\/figure>\n\n\n\n<figure class=\"wp-block-image size-large\"><a href=\"https:\/\/villaborgen.se\/wp-content\/uploads\/2019\/05\/6-4556235355888829243_IMG_2439.jpg\"><img loading=\"lazy\" decoding=\"async\" width=\"683\" height=\"1024\" data-id=\"2246\" src=\"https:\/\/villaborgen.se\/wp-content\/uploads\/2019\/05\/6-4556235355888829243_IMG_2439-683x1024.jpg\" alt=\"\" class=\"wp-image-2246\" srcset=\"https:\/\/villaborgen.se\/wp-content\/uploads\/2019\/05\/6-4556235355888829243_IMG_2439-683x1024.jpg 683w, https:\/\/villaborgen.se\/wp-content\/uploads\/2019\/05\/6-4556235355888829243_IMG_2439-200x300.jpg 200w, https:\/\/villaborgen.se\/wp-content\/uploads\/2019\/05\/6-4556235355888829243_IMG_2439-768x1152.jpg 768w, https:\/\/villaborgen.se\/wp-content\/uploads\/2019\/05\/6-4556235355888829243_IMG_2439.jpg 1500w\" sizes=\"auto, (max-width: 683px) 100vw, 683px\" \/><\/a><\/figure>\n<\/figure>","protected":false},"excerpt":{"rendered":"<p>Alla rum har sk\u00f6na s\u00e4ngar, luftiga t\u00e4cken, badrum, gratis wifi och TV. Den uppskattade frukosten kan du njuta av i den ljusa matsalen eller p\u00e5 den gr\u00f6nskande innerg\u00e5rden. Har du egen bil finns det n\u00e5gra parkeringsplatser p\u00e5 g\u00e5rden och fler i n\u00e4rheten av hotellet. R\u00f6kfritt Badrum Parkering Wifi Frukost TV<\/p>","protected":false},"author":40,"featured_media":0,"parent":0,"menu_order":0,"comment_status":"closed","ping_status":"closed","template":"","meta":{"footnotes":""},"class_list":["post-448","page","type-page","status-publish","hentry"],"yoast_head":"<!-- This site is optimized with the Yoast SEO plugin v26.5 - https:\/\/yoast.com\/wordpress\/plugins\/seo\/ -->\n<title>Faciliteter - Hotell Villa Borgen<\/title>\n<meta name=\"robots\" content=\"index, follow, max-snippet:-1, max-image-preview:large, max-video-preview:-1\" \/>\n<link rel=\"canonical\" href=\"https:\/\/villaborgen.se\/en\/faciliteter\/\" \/>\n<meta property=\"og:locale\" content=\"en_US\" \/>\n<meta property=\"og:type\" content=\"article\" \/>\n<meta property=\"og:title\" content=\"Faciliteter - Hotell Villa Borgen\" \/>\n<meta property=\"og:description\" content=\"Alla rum har sk\u00f6na s\u00e4ngar, luftiga t\u00e4cken, badrum, gratis wifi och TV. Den uppskattade frukosten kan du njuta av i den ljusa matsalen eller p\u00e5 den gr\u00f6nskande innerg\u00e5rden. Har du egen bil finns det n\u00e5gra parkeringsplatser p\u00e5 g\u00e5rden och fler i n\u00e4rheten av hotellet. R\u00f6kfritt Badrum Parkering Wifi Frukost TV\" \/>\n<meta property=\"og:url\" content=\"https:\/\/villaborgen.se\/en\/faciliteter\/\" \/>\n<meta property=\"og:site_name\" content=\"Hotell Villa Borgen\" \/>\n<meta property=\"article:modified_time\" content=\"2025-09-02T06:21:04+00:00\" \/>\n<meta property=\"og:image\" content=\"https:\/\/villaborgen.se\/wp-content\/uploads\/2017\/07\/icon-14-2.png\" \/>\n<meta name=\"twitter:card\" content=\"summary_large_image\" \/>\n<meta name=\"twitter:label1\" content=\"Est. reading time\" \/>\n\t<meta name=\"twitter:data1\" content=\"3 minutes\" \/>\n<script type=\"application\/ld+json\" class=\"yoast-schema-graph\">{\"@context\":\"https:\/\/schema.org\",\"@graph\":[{\"@type\":\"WebPage\",\"@id\":\"https:\/\/villaborgen.se\/faciliteter\/\",\"url\":\"https:\/\/villaborgen.se\/faciliteter\/\",\"name\":\"Faciliteter - Hotell Villa Borgen\",\"isPartOf\":{\"@id\":\"http:\/\/villaborgen.se\/#website\"},\"primaryImageOfPage\":{\"@id\":\"https:\/\/villaborgen.se\/faciliteter\/#primaryimage\"},\"image\":{\"@id\":\"https:\/\/villaborgen.se\/faciliteter\/#primaryimage\"},\"thumbnailUrl\":\"https:\/\/villaborgen.se\/wp-content\/uploads\/2017\/07\/icon-14-2.png\",\"datePublished\":\"2017-07-19T09:14:34+00:00\",\"dateModified\":\"2025-09-02T06:21:04+00:00\",\"breadcrumb\":{\"@id\":\"https:\/\/villaborgen.se\/faciliteter\/#breadcrumb\"},\"inLanguage\":\"en-US\",\"potentialAction\":[{\"@type\":\"ReadAction\",\"target\":[\"https:\/\/villaborgen.se\/faciliteter\/\"]}]},{\"@type\":\"ImageObject\",\"inLanguage\":\"en-US\",\"@id\":\"https:\/\/villaborgen.se\/faciliteter\/#primaryimage\",\"url\":\"https:\/\/villaborgen.se\/wp-content\/uploads\/2017\/07\/icon-14-2.png\",\"contentUrl\":\"https:\/\/villaborgen.se\/wp-content\/uploads\/2017\/07\/icon-14-2.png\"},{\"@type\":\"BreadcrumbList\",\"@id\":\"https:\/\/villaborgen.se\/faciliteter\/#breadcrumb\",\"itemListElement\":[{\"@type\":\"ListItem\",\"position\":1,\"name\":\"Hem\",\"item\":\"http:\/\/villaborgen.se\/\"},{\"@type\":\"ListItem\",\"position\":2,\"name\":\"Faciliteter\"}]},{\"@type\":\"WebSite\",\"@id\":\"http:\/\/villaborgen.se\/#website\",\"url\":\"http:\/\/villaborgen.se\/\",\"name\":\"Hotell Villa Borgen\",\"description\":\"Discover Gotland\",\"publisher\":{\"@id\":\"http:\/\/villaborgen.se\/#organization\"},\"potentialAction\":[{\"@type\":\"SearchAction\",\"target\":{\"@type\":\"EntryPoint\",\"urlTemplate\":\"http:\/\/villaborgen.se\/?s={search_term_string}\"},\"query-input\":{\"@type\":\"PropertyValueSpecification\",\"valueRequired\":true,\"valueName\":\"search_term_string\"}}],\"inLanguage\":\"en-US\"},{\"@type\":\"Organization\",\"@id\":\"http:\/\/villaborgen.se\/#organization\",\"name\":\"Hotell Villa Borgen\",\"url\":\"http:\/\/villaborgen.se\/\",\"logo\":{\"@type\":\"ImageObject\",\"inLanguage\":\"en-US\",\"@id\":\"http:\/\/villaborgen.se\/#\/schema\/logo\/image\/\",\"url\":\"https:\/\/villaborgen.se\/wp-content\/uploads\/2019\/05\/Hotell-Villa-Borgen-Svart-Logo-square@2x.png\",\"contentUrl\":\"https:\/\/villaborgen.se\/wp-content\/uploads\/2019\/05\/Hotell-Villa-Borgen-Svart-Logo-square@2x.png\",\"width\":1475,\"height\":1475,\"caption\":\"Hotell Villa Borgen\"},\"image\":{\"@id\":\"http:\/\/villaborgen.se\/#\/schema\/logo\/image\/\"}}]}<\/script>\n<!-- \/ Yoast SEO plugin. -->","yoast_head_json":{"title":"Faciliteter - Hotell Villa Borgen","robots":{"index":"index","follow":"follow","max-snippet":"max-snippet:-1","max-image-preview":"max-image-preview:large","max-video-preview":"max-video-preview:-1"},"canonical":"https:\/\/villaborgen.se\/en\/faciliteter\/","og_locale":"en_US","og_type":"article","og_title":"Faciliteter - Hotell Villa Borgen","og_description":"Alla rum har sk\u00f6na s\u00e4ngar, luftiga t\u00e4cken, badrum, gratis wifi och TV. Den uppskattade frukosten kan du njuta av i den ljusa matsalen eller p\u00e5 den gr\u00f6nskande innerg\u00e5rden. Har du egen bil finns det n\u00e5gra parkeringsplatser p\u00e5 g\u00e5rden och fler i n\u00e4rheten av hotellet. R\u00f6kfritt Badrum Parkering Wifi Frukost TV","og_url":"https:\/\/villaborgen.se\/en\/faciliteter\/","og_site_name":"Hotell Villa Borgen","article_modified_time":"2025-09-02T06:21:04+00:00","og_image":[{"url":"https:\/\/villaborgen.se\/wp-content\/uploads\/2017\/07\/icon-14-2.png","type":"","width":"","height":""}],"twitter_card":"summary_large_image","twitter_misc":{"Est. reading time":"3 minutes"},"schema":{"@context":"https:\/\/schema.org","@graph":[{"@type":"WebPage","@id":"https:\/\/villaborgen.se\/faciliteter\/","url":"https:\/\/villaborgen.se\/faciliteter\/","name":"Faciliteter - Hotell Villa Borgen","isPartOf":{"@id":"http:\/\/villaborgen.se\/#website"},"primaryImageOfPage":{"@id":"https:\/\/villaborgen.se\/faciliteter\/#primaryimage"},"image":{"@id":"https:\/\/villaborgen.se\/faciliteter\/#primaryimage"},"thumbnailUrl":"https:\/\/villaborgen.se\/wp-content\/uploads\/2017\/07\/icon-14-2.png","datePublished":"2017-07-19T09:14:34+00:00","dateModified":"2025-09-02T06:21:04+00:00","breadcrumb":{"@id":"https:\/\/villaborgen.se\/faciliteter\/#breadcrumb"},"inLanguage":"en-US","potentialAction":[{"@type":"ReadAction","target":["https:\/\/villaborgen.se\/faciliteter\/"]}]},{"@type":"ImageObject","inLanguage":"en-US","@id":"https:\/\/villaborgen.se\/faciliteter\/#primaryimage","url":"https:\/\/villaborgen.se\/wp-content\/uploads\/2017\/07\/icon-14-2.png","contentUrl":"https:\/\/villaborgen.se\/wp-content\/uploads\/2017\/07\/icon-14-2.png"},{"@type":"BreadcrumbList","@id":"https:\/\/villaborgen.se\/faciliteter\/#breadcrumb","itemListElement":[{"@type":"ListItem","position":1,"name":"Hem","item":"http:\/\/villaborgen.se\/"},{"@type":"ListItem","position":2,"name":"Faciliteter"}]},{"@type":"WebSite","@id":"http:\/\/villaborgen.se\/#website","url":"http:\/\/villaborgen.se\/","name":"Hotell Villa Borgen","description":"Discover Gotland","publisher":{"@id":"http:\/\/villaborgen.se\/#organization"},"potentialAction":[{"@type":"SearchAction","target":{"@type":"EntryPoint","urlTemplate":"http:\/\/villaborgen.se\/?s={search_term_string}"},"query-input":{"@type":"PropertyValueSpecification","valueRequired":true,"valueName":"search_term_string"}}],"inLanguage":"en-US"},{"@type":"Organization","@id":"http:\/\/villaborgen.se\/#organization","name":"Hotell Villa Borgen","url":"http:\/\/villaborgen.se\/","logo":{"@type":"ImageObject","inLanguage":"en-US","@id":"http:\/\/villaborgen.se\/#\/schema\/logo\/image\/","url":"https:\/\/villaborgen.se\/wp-content\/uploads\/2019\/05\/Hotell-Villa-Borgen-Svart-Logo-square@2x.png","contentUrl":"https:\/\/villaborgen.se\/wp-content\/uploads\/2019\/05\/Hotell-Villa-Borgen-Svart-Logo-square@2x.png","width":1475,"height":1475,"caption":"Hotell Villa Borgen"},"image":{"@id":"http:\/\/villaborgen.se\/#\/schema\/logo\/image\/"}}]}},"_links":{"self":[{"href":"https:\/\/villaborgen.se\/en\/wp-json\/wp\/v2\/pages\/448","targetHints":{"allow":["GET"]}}],"collection":[{"href":"https:\/\/villaborgen.se\/en\/wp-json\/wp\/v2\/pages"}],"about":[{"href":"https:\/\/villaborgen.se\/en\/wp-json\/wp\/v2\/types\/page"}],"author":[{"embeddable":true,"href":"https:\/\/villaborgen.se\/en\/wp-json\/wp\/v2\/users\/40"}],"replies":[{"embeddable":true,"href":"https:\/\/villaborgen.se\/en\/wp-json\/wp\/v2\/comments?post=448"}],"version-history":[{"count":1,"href":"https:\/\/villaborgen.se\/en\/wp-json\/wp\/v2\/pages\/448\/revisions"}],"predecessor-version":[{"id":3327,"href":"https:\/\/villaborgen.se\/en\/wp-json\/wp\/v2\/pages\/448\/revisions\/3327"}],"wp:attachment":[{"href":"https:\/\/villaborgen.se\/en\/wp-json\/wp\/v2\/media?parent=448"}],"curies":[{"name":"wp","href":"https:\/\/api.w.org\/{rel}","templated":true}]}}