{"id":460,"date":"2017-07-19T09:28:56","date_gmt":"2017-07-19T09:28:56","guid":{"rendered":"http:\/\/www.nicdarkthemes.com\/themes\/hotel\/wp\/demo\/?page_id=460"},"modified":"2026-03-02T13:15:22","modified_gmt":"2026-03-02T12:15:22","slug":"kontakt","status":"publish","type":"page","link":"https:\/\/villaborgen.se\/en\/kontakt\/","title":{"rendered":"Contact us"},"content":{"rendered":"<div class=\"wp-block-columns is-layout-flex wp-container-core-columns-is-layout-28f84493 wp-block-columns-is-layout-flex\">\n<div class=\"wp-block-column is-layout-flow wp-block-column-is-layout-flow\">\n<figure class=\"wp-block-image size-large\"><a href=\"https:\/\/villaborgen.se\/wp-content\/uploads\/2019\/05\/13-6846381326133372698_IMG_4412.jpg\"><img loading=\"lazy\" decoding=\"async\" width=\"683\" height=\"1024\" src=\"https:\/\/villaborgen.se\/wp-content\/uploads\/2019\/05\/13-6846381326133372698_IMG_4412-683x1024.jpg\" alt=\"\" class=\"wp-image-2232\" srcset=\"https:\/\/villaborgen.se\/wp-content\/uploads\/2019\/05\/13-6846381326133372698_IMG_4412-683x1024.jpg 683w, https:\/\/villaborgen.se\/wp-content\/uploads\/2019\/05\/13-6846381326133372698_IMG_4412-200x300.jpg 200w, https:\/\/villaborgen.se\/wp-content\/uploads\/2019\/05\/13-6846381326133372698_IMG_4412-768x1152.jpg 768w, https:\/\/villaborgen.se\/wp-content\/uploads\/2019\/05\/13-6846381326133372698_IMG_4412.jpg 1500w\" sizes=\"auto, (max-width: 683px) 100vw, 683px\" \/><\/a><\/figure>\n<\/div>\n\n\n\n<div class=\"wp-block-column is-layout-flow wp-block-column-is-layout-flow\">\n<h2 class=\"wp-block-heading\">Contact<\/h2>\n\n\n\n<p><strong>Telephone number<\/strong><br>+46498- 20 33 00<\/p>\n\n\n\n<p><strong>E-post<\/strong><br><a href=\"mailto:info@villaborgen.se\">info@villaborgen.se<\/a><\/p>\n\n\n\n<p><strong>Address<\/strong><br>Adelsgatan 11<br>Visby<br><br><strong>Check in and check out<\/strong><br>Check in time: 3 PM<br>Check out time: 11 PM<\/p>\n<\/div>\n<\/div>\n\n\n\n<h2 class=\"wp-block-heading\">Parking<\/h2>\n\n\n\n<p>Hotellet har egna parkeringsplatser som kan bokas via receptionen. Det finns ocks\u00e5 gott om offentliga parkeringar i n\u00e4rheten av hotellet, de finns utm\u00e4rkta p\u00e5 kartan h\u00e4r till v\u00e4nster. Om du anl\u00e4nder med bil g\u00e5r det bra att f\u00f6rst k\u00f6ra till oss f\u00f6r att l\u00e4mna v\u00e4skor.<br>Vi rekommenderar att du anv\u00e4nder appen Parkster som finns f\u00f6r Iphone och Android.<\/p>\n\n\n\n<p>F\u00f6r mer information om avgifter, bes\u00f6k:<br>https:\/\/gotland.se\/trafik-gator-och-parker\/parkera-och-ladda\/parkeringskarta-avgifter-och-p-skiva<\/p>\n\n\n\n<figure class=\"wp-block-image size-full is-resized\"><a href=\"https:\/\/villaborgen.se\/wp-content\/uploads\/2025\/09\/Offentliga-parkeringar-n\u201era-Hotell-Villa-Borgen.jpg\"><img loading=\"lazy\" decoding=\"async\" width=\"440\" height=\"529\" src=\"https:\/\/villaborgen.se\/wp-content\/uploads\/2025\/09\/Offentliga-parkeringar-n\u201era-Hotell-Villa-Borgen.jpg\" alt=\"\" class=\"wp-image-3353\" style=\"width:255px;height:auto\" srcset=\"https:\/\/villaborgen.se\/wp-content\/uploads\/2025\/09\/Offentliga-parkeringar-n\u201era-Hotell-Villa-Borgen.jpg 440w, https:\/\/villaborgen.se\/wp-content\/uploads\/2025\/09\/Offentliga-parkeringar-n\u201era-Hotell-Villa-Borgen-250x300.jpg 250w, https:\/\/villaborgen.se\/wp-content\/uploads\/2025\/09\/Offentliga-parkeringar-n\u201era-Hotell-Villa-Borgen-10x12.jpg 10w\" sizes=\"auto, (max-width: 440px) 100vw, 440px\" \/><\/a><\/figure>\n\n\n\n<h2 class=\"wp-block-heading\">FAQ<\/h2>\n\n\n\n<p><em>We are happy to answer your questions and you are always welcome to contact us. <\/em><br><em>Here we have collected the most frequently asked questions so that you can get answers as quickly as possible.<\/em><\/p>\n\n\n\n<p><strong>How do I pay online for a booking?<\/strong><br>You pay by account\/credit card through our own website and our booking form which you will find under <code>Book room<\/code> button. \nWe handle your card details in accordance with GDPR.<br><br><strong>Do you have any age limit?<\/strong><br>The hotel has an 18 year old age limit (for travelers without parents\/guardians), ID checks are done on all guests upon check-in. The facility assumes that all guests are in good condition and that a pleasant and quiet environment is maintained. During week 29, guests aged 18-35 can pay a deposit of 1500: \u2013 upon check-in, which will be returned if no accidents occur before departure.<br><br><strong>Is the hotel accessible to disabled people?<\/strong><br>Unfortunately, the hotel is not yet accessible to disabled people. However, we do have some rooms with an entrance directly from the courtyard that would work for guests with reduced mobility. We hope to adapt the hotel in the near future.<br><br><strong>Can I check in at night?<\/strong><br>When the reception is unmanned, we apply independent check-in. If you have not checked in during the day, we will send you instructions by email and text message. We will leave your key and you will receive a code.<br><br><strong>Is there any parking near the hotel?<\/strong><br>We have about ten parking spaces at the back of the hotel that you can book for 150 SEK per day, 199 SEK during the summer. To get to the parking space, walk 150 meters to the pedestrian street Adelsgatan and turn right in front of the hotel to our spacious parking lot. As a guest, you have permission to drive inside the ring wall.<\/p>","protected":false},"excerpt":{"rendered":"<p>Kontakt Telefon+46498- 20 33 00 (V\u00e4xeln \u00e4r \u00f6ppen 08-17) E-postinfo@villaborgen.se AdressAdelsgatan 11Visby In- och utcheckningIncheckning: 15:00Utcheckning: 11:00 Parkering Hotellet har egna parkeringsplatser som kan bokas via receptionen. Det finns ocks\u00e5 gott om offentliga parkeringar i n\u00e4rheten av hotellet, de finns utm\u00e4rkta p\u00e5 kartan h\u00e4r till v\u00e4nster. Om du anl\u00e4nder med bil g\u00e5r det bra att [&hellip;]<\/p>","protected":false},"author":40,"featured_media":0,"parent":0,"menu_order":0,"comment_status":"closed","ping_status":"closed","template":"","meta":{"footnotes":""},"class_list":["post-460","page","type-page","status-publish","hentry"],"yoast_head":"<!-- This site is optimized with the Yoast SEO plugin v26.5 - https:\/\/yoast.com\/wordpress\/plugins\/seo\/ -->\n<title>Kontakta oss - Hotell Villa Borgen<\/title>\n<meta name=\"description\" content=\"Kontakta Hotell Villa Borgen \u2013 ett personligt boutiquehotell innanf\u00f6r Visbys ringmur. H\u00e4r hittar du adress, telefon, e-post och v\u00e4gbeskrivning f\u00f6r en smidig vistelse.\" \/>\n<meta name=\"robots\" content=\"index, follow, max-snippet:-1, max-image-preview:large, max-video-preview:-1\" \/>\n<link rel=\"canonical\" href=\"https:\/\/villaborgen.se\/en\/kontakt\/\" \/>\n<meta property=\"og:locale\" content=\"en_US\" \/>\n<meta property=\"og:type\" content=\"article\" \/>\n<meta property=\"og:title\" content=\"Kontakta oss - Hotell Villa Borgen\" \/>\n<meta property=\"og:description\" content=\"Kontakta Hotell Villa Borgen \u2013 ett personligt boutiquehotell innanf\u00f6r Visbys ringmur. H\u00e4r hittar du adress, telefon, e-post och v\u00e4gbeskrivning f\u00f6r en smidig vistelse.\" \/>\n<meta property=\"og:url\" content=\"https:\/\/villaborgen.se\/en\/kontakt\/\" \/>\n<meta property=\"og:site_name\" content=\"Hotell Villa Borgen\" \/>\n<meta property=\"article:modified_time\" content=\"2026-03-02T12:15:22+00:00\" \/>\n<meta property=\"og:image\" content=\"https:\/\/villaborgen.se\/wp-content\/uploads\/2019\/05\/13-6846381326133372698_IMG_4412-683x1024.jpg\" \/>\n<meta name=\"twitter:card\" content=\"summary_large_image\" \/>\n<meta name=\"twitter:label1\" content=\"Est. reading time\" \/>\n\t<meta name=\"twitter:data1\" content=\"2 minutes\" \/>\n<script type=\"application\/ld+json\" class=\"yoast-schema-graph\">{\"@context\":\"https:\/\/schema.org\",\"@graph\":[{\"@type\":\"WebPage\",\"@id\":\"https:\/\/villaborgen.se\/en\/kontakt\/\",\"url\":\"https:\/\/villaborgen.se\/en\/kontakt\/\",\"name\":\"Kontakta oss - Hotell Villa Borgen\",\"isPartOf\":{\"@id\":\"http:\/\/villaborgen.se\/#website\"},\"primaryImageOfPage\":{\"@id\":\"https:\/\/villaborgen.se\/en\/kontakt\/#primaryimage\"},\"image\":{\"@id\":\"https:\/\/villaborgen.se\/en\/kontakt\/#primaryimage\"},\"thumbnailUrl\":\"https:\/\/villaborgen.se\/wp-content\/uploads\/2019\/05\/13-6846381326133372698_IMG_4412-683x1024.jpg\",\"datePublished\":\"2017-07-19T09:28:56+00:00\",\"dateModified\":\"2026-03-02T12:15:22+00:00\",\"description\":\"Kontakta Hotell Villa Borgen \u2013 ett personligt boutiquehotell innanf\u00f6r Visbys ringmur. H\u00e4r hittar du adress, telefon, e-post och v\u00e4gbeskrivning f\u00f6r en smidig vistelse.\",\"breadcrumb\":{\"@id\":\"https:\/\/villaborgen.se\/en\/kontakt\/#breadcrumb\"},\"inLanguage\":\"en-US\",\"potentialAction\":[{\"@type\":\"ReadAction\",\"target\":[\"https:\/\/villaborgen.se\/en\/kontakt\/\"]}]},{\"@type\":\"ImageObject\",\"inLanguage\":\"en-US\",\"@id\":\"https:\/\/villaborgen.se\/en\/kontakt\/#primaryimage\",\"url\":\"https:\/\/villaborgen.se\/wp-content\/uploads\/2019\/05\/13-6846381326133372698_IMG_4412-683x1024.jpg\",\"contentUrl\":\"https:\/\/villaborgen.se\/wp-content\/uploads\/2019\/05\/13-6846381326133372698_IMG_4412-683x1024.jpg\"},{\"@type\":\"BreadcrumbList\",\"@id\":\"https:\/\/villaborgen.se\/en\/kontakt\/#breadcrumb\",\"itemListElement\":[{\"@type\":\"ListItem\",\"position\":1,\"name\":\"Hem\",\"item\":\"http:\/\/villaborgen.se\/\"},{\"@type\":\"ListItem\",\"position\":2,\"name\":\"Kontakta oss\"}]},{\"@type\":\"WebSite\",\"@id\":\"http:\/\/villaborgen.se\/#website\",\"url\":\"http:\/\/villaborgen.se\/\",\"name\":\"Hotell Villa Borgen\",\"description\":\"Discover Gotland\",\"publisher\":{\"@id\":\"http:\/\/villaborgen.se\/#organization\"},\"potentialAction\":[{\"@type\":\"SearchAction\",\"target\":{\"@type\":\"EntryPoint\",\"urlTemplate\":\"http:\/\/villaborgen.se\/?s={search_term_string}\"},\"query-input\":{\"@type\":\"PropertyValueSpecification\",\"valueRequired\":true,\"valueName\":\"search_term_string\"}}],\"inLanguage\":\"en-US\"},{\"@type\":\"Organization\",\"@id\":\"http:\/\/villaborgen.se\/#organization\",\"name\":\"Hotell Villa Borgen\",\"url\":\"http:\/\/villaborgen.se\/\",\"logo\":{\"@type\":\"ImageObject\",\"inLanguage\":\"en-US\",\"@id\":\"http:\/\/villaborgen.se\/#\/schema\/logo\/image\/\",\"url\":\"https:\/\/villaborgen.se\/wp-content\/uploads\/2019\/05\/Hotell-Villa-Borgen-Svart-Logo-square@2x.png\",\"contentUrl\":\"https:\/\/villaborgen.se\/wp-content\/uploads\/2019\/05\/Hotell-Villa-Borgen-Svart-Logo-square@2x.png\",\"width\":1475,\"height\":1475,\"caption\":\"Hotell Villa Borgen\"},\"image\":{\"@id\":\"http:\/\/villaborgen.se\/#\/schema\/logo\/image\/\"}}]}<\/script>\n<!-- \/ Yoast SEO plugin. -->","yoast_head_json":{"title":"Kontakta oss - Hotell Villa Borgen","description":"Kontakta Hotell Villa Borgen \u2013 ett personligt boutiquehotell innanf\u00f6r Visbys ringmur. H\u00e4r hittar du adress, telefon, e-post och v\u00e4gbeskrivning f\u00f6r en smidig vistelse.","robots":{"index":"index","follow":"follow","max-snippet":"max-snippet:-1","max-image-preview":"max-image-preview:large","max-video-preview":"max-video-preview:-1"},"canonical":"https:\/\/villaborgen.se\/en\/kontakt\/","og_locale":"en_US","og_type":"article","og_title":"Kontakta oss - Hotell Villa Borgen","og_description":"Kontakta Hotell Villa Borgen \u2013 ett personligt boutiquehotell innanf\u00f6r Visbys ringmur. H\u00e4r hittar du adress, telefon, e-post och v\u00e4gbeskrivning f\u00f6r en smidig vistelse.","og_url":"https:\/\/villaborgen.se\/en\/kontakt\/","og_site_name":"Hotell Villa Borgen","article_modified_time":"2026-03-02T12:15:22+00:00","og_image":[{"url":"https:\/\/villaborgen.se\/wp-content\/uploads\/2019\/05\/13-6846381326133372698_IMG_4412-683x1024.jpg","type":"","width":"","height":""}],"twitter_card":"summary_large_image","twitter_misc":{"Est. reading time":"2 minutes"},"schema":{"@context":"https:\/\/schema.org","@graph":[{"@type":"WebPage","@id":"https:\/\/villaborgen.se\/en\/kontakt\/","url":"https:\/\/villaborgen.se\/en\/kontakt\/","name":"Kontakta oss - Hotell Villa Borgen","isPartOf":{"@id":"http:\/\/villaborgen.se\/#website"},"primaryImageOfPage":{"@id":"https:\/\/villaborgen.se\/en\/kontakt\/#primaryimage"},"image":{"@id":"https:\/\/villaborgen.se\/en\/kontakt\/#primaryimage"},"thumbnailUrl":"https:\/\/villaborgen.se\/wp-content\/uploads\/2019\/05\/13-6846381326133372698_IMG_4412-683x1024.jpg","datePublished":"2017-07-19T09:28:56+00:00","dateModified":"2026-03-02T12:15:22+00:00","description":"Kontakta Hotell Villa Borgen \u2013 ett personligt boutiquehotell innanf\u00f6r Visbys ringmur. H\u00e4r hittar du adress, telefon, e-post och v\u00e4gbeskrivning f\u00f6r en smidig vistelse.","breadcrumb":{"@id":"https:\/\/villaborgen.se\/en\/kontakt\/#breadcrumb"},"inLanguage":"en-US","potentialAction":[{"@type":"ReadAction","target":["https:\/\/villaborgen.se\/en\/kontakt\/"]}]},{"@type":"ImageObject","inLanguage":"en-US","@id":"https:\/\/villaborgen.se\/en\/kontakt\/#primaryimage","url":"https:\/\/villaborgen.se\/wp-content\/uploads\/2019\/05\/13-6846381326133372698_IMG_4412-683x1024.jpg","contentUrl":"https:\/\/villaborgen.se\/wp-content\/uploads\/2019\/05\/13-6846381326133372698_IMG_4412-683x1024.jpg"},{"@type":"BreadcrumbList","@id":"https:\/\/villaborgen.se\/en\/kontakt\/#breadcrumb","itemListElement":[{"@type":"ListItem","position":1,"name":"Hem","item":"http:\/\/villaborgen.se\/"},{"@type":"ListItem","position":2,"name":"Kontakta oss"}]},{"@type":"WebSite","@id":"http:\/\/villaborgen.se\/#website","url":"http:\/\/villaborgen.se\/","name":"Hotell Villa Borgen","description":"Discover Gotland","publisher":{"@id":"http:\/\/villaborgen.se\/#organization"},"potentialAction":[{"@type":"SearchAction","target":{"@type":"EntryPoint","urlTemplate":"http:\/\/villaborgen.se\/?s={search_term_string}"},"query-input":{"@type":"PropertyValueSpecification","valueRequired":true,"valueName":"search_term_string"}}],"inLanguage":"en-US"},{"@type":"Organization","@id":"http:\/\/villaborgen.se\/#organization","name":"Hotell Villa Borgen","url":"http:\/\/villaborgen.se\/","logo":{"@type":"ImageObject","inLanguage":"en-US","@id":"http:\/\/villaborgen.se\/#\/schema\/logo\/image\/","url":"https:\/\/villaborgen.se\/wp-content\/uploads\/2019\/05\/Hotell-Villa-Borgen-Svart-Logo-square@2x.png","contentUrl":"https:\/\/villaborgen.se\/wp-content\/uploads\/2019\/05\/Hotell-Villa-Borgen-Svart-Logo-square@2x.png","width":1475,"height":1475,"caption":"Hotell Villa Borgen"},"image":{"@id":"http:\/\/villaborgen.se\/#\/schema\/logo\/image\/"}}]}},"_links":{"self":[{"href":"https:\/\/villaborgen.se\/en\/wp-json\/wp\/v2\/pages\/460","targetHints":{"allow":["GET"]}}],"collection":[{"href":"https:\/\/villaborgen.se\/en\/wp-json\/wp\/v2\/pages"}],"about":[{"href":"https:\/\/villaborgen.se\/en\/wp-json\/wp\/v2\/types\/page"}],"author":[{"embeddable":true,"href":"https:\/\/villaborgen.se\/en\/wp-json\/wp\/v2\/users\/40"}],"replies":[{"embeddable":true,"href":"https:\/\/villaborgen.se\/en\/wp-json\/wp\/v2\/comments?post=460"}],"version-history":[{"count":2,"href":"https:\/\/villaborgen.se\/en\/wp-json\/wp\/v2\/pages\/460\/revisions"}],"predecessor-version":[{"id":3366,"href":"https:\/\/villaborgen.se\/en\/wp-json\/wp\/v2\/pages\/460\/revisions\/3366"}],"wp:attachment":[{"href":"https:\/\/villaborgen.se\/en\/wp-json\/wp\/v2\/media?parent=460"}],"curies":[{"name":"wp","href":"https:\/\/api.w.org\/{rel}","templated":true}]}}